{"id":510,"date":"2026-04-10T14:19:50","date_gmt":"2026-04-10T14:19:50","guid":{"rendered":"https:\/\/elev8it.net\/?page_id=510"},"modified":"2026-04-11T01:37:45","modified_gmt":"2026-04-11T01:37:45","slug":"aboutme","status":"publish","type":"page","link":"https:\/\/www.martinliebl.cz\/en\/aboutme\/","title":{"rendered":"aboutme"},"content":{"rendered":"<section class=\"bde-section-510-100 bde-section\">\n  \n  \n\t\n\n\n\n<div class=\"section-container\"><div class=\"bde-div-510-101 bde-div\">\n  \n  \n\t\n\n\n\n<div class=\"bde-div-510-140 bde-div\">\n  \n  \n\t\n\n\n\n<img decoding=\"async\" class=\"bde-image2-510-141 bde-image2\" src=\"https:\/\/www.martinliebl.cz\/wp-content\/uploads\/2026\/03\/LB_portarit-e1774708250388.jpg\" loading=\"lazy\" srcset=\"https:\/\/www.martinliebl.cz\/wp-content\/uploads\/2026\/03\/LB_portarit-e1774708250388.jpg 697w, https:\/\/www.martinliebl.cz\/wp-content\/uploads\/2026\/03\/LB_portarit-e1774708250388-281x300.jpg 281w\" sizes=\"(max-width: 697px) 100vw, 697px\">\n<\/div><div class=\"bde-div-510-102 bde-div\">\n  \n  \n\t\n\n\n\n<h1 class=\"bde-heading-510-103 bde-heading\">\nI am an interim manager\n<\/h1><h1 class=\"bde-heading-510-104 bde-heading\">\nI am an interim manager with extensive experience in leading manufacturing companies.<br>\n<\/h1><div class=\"bde-text-510-105 bde-text\">\nP\u016fsobil jsem jako Plant Manager, CEO, krizov\u00fd i zm\u011bnov\u00fd mana\u017eer. V pr\u00e1ci praktikuji systematick\u00fd a pragmatick\u00fd p\u0159\u00edstup, respekt k lidem a d\u016fraz na dosa\u017een\u00ed v\u00fdsledk\u016f.<br>Vzd\u011bl\u00e1n\u00ed m\u00e1m v oborech Ing. (TU), MBA, LL.M. a DBA. P\u0159esto pova\u017euji za nejd\u016fle\u017eit\u011bj\u0161\u00ed selsk\u00fd rozum a schopnost efektivn\u00edho rozhodov\u00e1n\u00ed.\n<\/div><div class=\"bde-text-510-106 bde-text\">\nJsem p\u0159ipraven nastoupit b\u011bhem n\u011bkolika dn\u016f. Pokud pr\u00e1v\u011b pracuji na jin\u00e9m projektu, mohu obratem doporu\u010dit n\u011bkter\u00e9ho ze zku\u0161en\u00fdch koleg\u016f.\n<\/div>\n<\/div>\n<\/div><div class=\"bde-div-510-132 bde-div\">\n  \n  \n\t\n\n\n\n<div class=\"bde-div-510-133 bde-div\">\n  \n  \n\t\n\n\n\n<div class=\"bde-simple-counter-510-134 bde-simple-counter\">\n<div class=\"bde-simple-counter__wrapper\">\n  <p class=\"bde-simple-counter__number bde-h6\">\n    <span class=\"bde-simple-counter__prefix\"><\/span>\n    <span class=\"bde-simple-counter__digit js-digit\"><\/span>\n    <span class=\"bde-simple-counter__suffix\">+<\/span>\n  <\/p>\n    \t<div class=\"bde-simple-counter__title\" >Klient\u016f<\/div>\n  <\/div>\n\n<\/div><div class=\"bde-simple-counter-510-135 bde-simple-counter\">\n<div class=\"bde-simple-counter__wrapper\">\n  <p class=\"bde-simple-counter__number bde-h6\">\n    <span class=\"bde-simple-counter__prefix\"><\/span>\n    <span class=\"bde-simple-counter__digit js-digit\"><\/span>\n    <span class=\"bde-simple-counter__suffix\">+<\/span>\n  <\/p>\n    \t<div class=\"bde-simple-counter__title\" >Projekt\u016f<\/div>\n  <\/div>\n\n<\/div><div class=\"bde-simple-counter-510-137 bde-simple-counter\">\n<div class=\"bde-simple-counter__wrapper\">\n  <p class=\"bde-simple-counter__number bde-h6\">\n    <span class=\"bde-simple-counter__prefix\"><\/span>\n    <span class=\"bde-simple-counter__digit js-digit\"><\/span>\n    <span class=\"bde-simple-counter__suffix\">+<\/span>\n  <\/p>\n    \t<div class=\"bde-simple-counter__title\" >Let zku\u0161enost\u00ed<\/div>\n  <\/div>\n\n<\/div><div class=\"bde-simple-counter-510-138 bde-simple-counter\">\n<div class=\"bde-simple-counter__wrapper\">\n  <p class=\"bde-simple-counter__number bde-h6\">\n    <span class=\"bde-simple-counter__prefix\"><\/span>\n    <span class=\"bde-simple-counter__digit js-digit\"><\/span>\n    <span class=\"bde-simple-counter__suffix\"> +<\/span>\n  <\/p>\n    \t<div class=\"bde-simple-counter__title\" >Let jako interim mana\u017eer<\/div>\n  <\/div>\n\n<\/div>\n<\/div><div class=\"bde-div-510-107 bde-div\">\n  \n  \n\t\n\n\n\n<div class=\"bde-div-510-108 bde-div\">\n  \n  \n\t\n\n\n\n<div class=\"bde-icon-510-109 bde-icon\">\n\n    \n            <div class=\"bde-icon-icon breakdance-icon-atom\" >\n    \n                    <svg xmlns=\"http:\/\/www.w3.org\/2000\/svg\" viewbox=\"0 0 512 512\"><!--! Font Awesome Free 6.5.1 by @fontawesome - https:\/\/fontawesome.com License - https:\/\/fontawesome.com\/license\/free (Icons: CC BY 4.0, Fonts: SIL OFL 1.1, Code: MIT License) Copyright 2023 Fonticons, Inc. --><path d=\"M256 48a208 208 0 1 1 0 416 208 208 0 1 1 0-416zm0 464A256 256 0 1 0 256 0a256 256 0 1 0 0 512zM369 209c9.4-9.4 9.4-24.6 0-33.9s-24.6-9.4-33.9 0l-111 111-47-47c-9.4-9.4-24.6-9.4-33.9 0s-9.4 24.6 0 33.9l64 64c9.4 9.4 24.6 9.4 33.9 0L369 209z\"\/><\/svg>\n        \n        \n        \n            <\/div>\n    \n\n\n<\/div><div class=\"bde-text-510-110 bde-text\">\nKlidn\u00e9 \u0159e\u0161en\u00ed krizov\u00fdch situac\u00ed\n<\/div>\n<\/div><div class=\"bde-div-510-111 bde-div\">\n  \n  \n\t\n\n\n\n<div class=\"bde-icon-510-112 bde-icon\">\n\n    \n            <div class=\"bde-icon-icon breakdance-icon-atom\" >\n    \n                    <svg xmlns=\"http:\/\/www.w3.org\/2000\/svg\" viewbox=\"0 0 512 512\"><!--! Font Awesome Free 6.5.1 by @fontawesome - https:\/\/fontawesome.com License - https:\/\/fontawesome.com\/license\/free (Icons: CC BY 4.0, Fonts: SIL OFL 1.1, Code: MIT License) Copyright 2023 Fonticons, Inc. --><path d=\"M256 48a208 208 0 1 1 0 416 208 208 0 1 1 0-416zm0 464A256 256 0 1 0 256 0a256 256 0 1 0 0 512zM369 209c9.4-9.4 9.4-24.6 0-33.9s-24.6-9.4-33.9 0l-111 111-47-47c-9.4-9.4-24.6-9.4-33.9 0s-9.4 24.6 0 33.9l64 64c9.4 9.4 24.6 9.4 33.9 0L369 209z\"\/><\/svg>\n        \n        \n        \n            <\/div>\n    \n\n\n<\/div><div class=\"bde-text-510-113 bde-text\">\nMluv\u00edm plynn\u011b anglicky a n\u011bmecky<br>\n<\/div>\n<\/div><div class=\"bde-div-510-114 bde-div\">\n  \n  \n\t\n\n\n\n<div class=\"bde-icon-510-115 bde-icon\">\n\n    \n            <div class=\"bde-icon-icon breakdance-icon-atom\" >\n    \n                    <svg xmlns=\"http:\/\/www.w3.org\/2000\/svg\" viewbox=\"0 0 512 512\"><!--! Font Awesome Free 6.5.1 by @fontawesome - https:\/\/fontawesome.com License - https:\/\/fontawesome.com\/license\/free (Icons: CC BY 4.0, Fonts: SIL OFL 1.1, Code: MIT License) Copyright 2023 Fonticons, Inc. --><path d=\"M256 48a208 208 0 1 1 0 416 208 208 0 1 1 0-416zm0 464A256 256 0 1 0 256 0a256 256 0 1 0 0 512zM369 209c9.4-9.4 9.4-24.6 0-33.9s-24.6-9.4-33.9 0l-111 111-47-47c-9.4-9.4-24.6-9.4-33.9 0s-9.4 24.6 0 33.9l64 64c9.4 9.4 24.6 9.4 33.9 0L369 209z\"\/><\/svg>\n        \n        \n        \n            <\/div>\n    \n\n\n<\/div><div class=\"bde-text-510-116 bde-text\">\nSchopnost rychl\u00e9 orientace a z\u00e1sahu\n<\/div>\n<\/div><div class=\"bde-div-510-117 bde-div\">\n  \n  \n\t\n\n\n\n<div class=\"bde-icon-510-118 bde-icon\">\n\n    \n            <div class=\"bde-icon-icon breakdance-icon-atom\" >\n    \n                    <svg xmlns=\"http:\/\/www.w3.org\/2000\/svg\" viewbox=\"0 0 512 512\"><!--! Font Awesome Free 6.5.1 by @fontawesome - https:\/\/fontawesome.com License - https:\/\/fontawesome.com\/license\/free (Icons: CC BY 4.0, Fonts: SIL OFL 1.1, Code: MIT License) Copyright 2023 Fonticons, Inc. --><path d=\"M256 48a208 208 0 1 1 0 416 208 208 0 1 1 0-416zm0 464A256 256 0 1 0 256 0a256 256 0 1 0 0 512zM369 209c9.4-9.4 9.4-24.6 0-33.9s-24.6-9.4-33.9 0l-111 111-47-47c-9.4-9.4-24.6-9.4-33.9 0s-9.4 24.6 0 33.9l64 64c9.4 9.4 24.6 9.4 33.9 0L369 209z\"\/><\/svg>\n        \n        \n        \n            <\/div>\n    \n\n\n<\/div><div class=\"bde-text-510-119 bde-text\">\nOdolnost v\u016f\u010di stresu\n<\/div>\n<\/div><div class=\"bde-div-510-120 bde-div\">\n  \n  \n\t\n\n\n\n<div class=\"bde-icon-510-121 bde-icon\">\n\n    \n            <div class=\"bde-icon-icon breakdance-icon-atom\" >\n    \n                    <svg xmlns=\"http:\/\/www.w3.org\/2000\/svg\" viewbox=\"0 0 512 512\"><!--! Font Awesome Free 6.5.1 by @fontawesome - https:\/\/fontawesome.com License - https:\/\/fontawesome.com\/license\/free (Icons: CC BY 4.0, Fonts: SIL OFL 1.1, Code: MIT License) Copyright 2023 Fonticons, Inc. --><path d=\"M256 48a208 208 0 1 1 0 416 208 208 0 1 1 0-416zm0 464A256 256 0 1 0 256 0a256 256 0 1 0 0 512zM369 209c9.4-9.4 9.4-24.6 0-33.9s-24.6-9.4-33.9 0l-111 111-47-47c-9.4-9.4-24.6-9.4-33.9 0s-9.4 24.6 0 33.9l64 64c9.4 9.4 24.6 9.4 33.9 0L369 209z\"\/><\/svg>\n        \n        \n        \n            <\/div>\n    \n\n\n<\/div><div class=\"bde-text-510-122 bde-text\">\nVysv\u011btlit bez chaosu chystan\u00e9 kroky\n<\/div>\n<\/div><div class=\"bde-div-510-123 bde-div\">\n  \n  \n\t\n\n\n\n<div class=\"bde-icon-510-124 bde-icon\">\n\n    \n            <div class=\"bde-icon-icon breakdance-icon-atom\" >\n    \n                    <svg xmlns=\"http:\/\/www.w3.org\/2000\/svg\" viewbox=\"0 0 512 512\"><!--! Font Awesome Free 6.5.1 by @fontawesome - https:\/\/fontawesome.com License - https:\/\/fontawesome.com\/license\/free (Icons: CC BY 4.0, Fonts: SIL OFL 1.1, Code: MIT License) Copyright 2023 Fonticons, Inc. --><path d=\"M256 48a208 208 0 1 1 0 416 208 208 0 1 1 0-416zm0 464A256 256 0 1 0 256 0a256 256 0 1 0 0 512zM369 209c9.4-9.4 9.4-24.6 0-33.9s-24.6-9.4-33.9 0l-111 111-47-47c-9.4-9.4-24.6-9.4-33.9 0s-9.4 24.6 0 33.9l64 64c9.4 9.4 24.6 9.4 33.9 0L369 209z\"\/><\/svg>\n        \n        \n        \n            <\/div>\n    \n\n\n<\/div><div class=\"bde-text-510-125 bde-text\">\nPragmatick\u00fd a empatick\u00fd p\u0159\u00edstup\n<\/div>\n<\/div><div class=\"bde-div-510-126 bde-div\">\n  \n  \n\t\n\n\n\n<div class=\"bde-icon-510-127 bde-icon\">\n\n    \n            <div class=\"bde-icon-icon breakdance-icon-atom\" >\n    \n                    <svg xmlns=\"http:\/\/www.w3.org\/2000\/svg\" viewbox=\"0 0 512 512\"><!--! Font Awesome Free 6.5.1 by @fontawesome - https:\/\/fontawesome.com License - https:\/\/fontawesome.com\/license\/free (Icons: CC BY 4.0, Fonts: SIL OFL 1.1, Code: MIT License) Copyright 2023 Fonticons, Inc. --><path d=\"M256 48a208 208 0 1 1 0 416 208 208 0 1 1 0-416zm0 464A256 256 0 1 0 256 0a256 256 0 1 0 0 512zM369 209c9.4-9.4 9.4-24.6 0-33.9s-24.6-9.4-33.9 0l-111 111-47-47c-9.4-9.4-24.6-9.4-33.9 0s-9.4 24.6 0 33.9l64 64c9.4 9.4 24.6 9.4 33.9 0L369 209z\"\/><\/svg>\n        \n        \n        \n            <\/div>\n    \n\n\n<\/div><div class=\"bde-text-510-128 bde-text\">\nOrientace na c\u00edl\n<\/div>\n<\/div><div class=\"bde-div-510-129 bde-div\">\n  \n  \n\t\n\n\n\n<div class=\"bde-icon-510-130 bde-icon\">\n\n    \n            <div class=\"bde-icon-icon breakdance-icon-atom\" >\n    \n                    <svg xmlns=\"http:\/\/www.w3.org\/2000\/svg\" viewbox=\"0 0 512 512\"><!--! Font Awesome Free 6.5.1 by @fontawesome - https:\/\/fontawesome.com License - https:\/\/fontawesome.com\/license\/free (Icons: CC BY 4.0, Fonts: SIL OFL 1.1, Code: MIT License) Copyright 2023 Fonticons, Inc. --><path d=\"M256 48a208 208 0 1 1 0 416 208 208 0 1 1 0-416zm0 464A256 256 0 1 0 256 0a256 256 0 1 0 0 512zM369 209c9.4-9.4 9.4-24.6 0-33.9s-24.6-9.4-33.9 0l-111 111-47-47c-9.4-9.4-24.6-9.4-33.9 0s-9.4 24.6 0 33.9l64 64c9.4 9.4 24.6 9.4 33.9 0L369 209z\"\/><\/svg>\n        \n        \n        \n            <\/div>\n    \n\n\n<\/div><div class=\"bde-text-510-131 bde-text\">\n\u010casov\u00e1 flexibilita\n<\/div>\n<\/div>\n<\/div><div class=\"bde-div-510-163 bde-div\">\n  \n  \n\t\n\n\n\n<div class=\"bde-button-510-162 bde-button\">\n    \n                                    \n    \n    \n    \n    \n            \n                    \n            \n            \n\n    \n    \n    \n    \n    \n    <a class=\"breakdance-link button-atom button-atom--primary bde-button__button\" href=\"#Contact\" target=\"_self\" data-type=\"url\"  >\n\n    \n        <span class=\"button-atom__text\">Schedule a meeting<\/span>\n\n        \n        \n                <\/a>\n\n    \n\n\n<\/div>\n<\/div>\n<\/div><\/div>\n<\/section><section id=\"Contact\" class=\"bde-section-510-184 bde-section\">\n              \n  \n  \n\t\n\n\n\n<div class=\"section-container\"><div class=\"bde-div-510-185 bde-div\">\n  \n  \n\t\n\n\n\n<div class=\"bde-div-510-186 bde-div\">\n  \n  \n\t\n\n\n\n<h1 class=\"bde-heading-510-187 bde-heading\">\nRight now<br>\n<\/h1><h1 class=\"bde-heading-510-188 bde-heading\">\nNow is the right time for change.\n<\/h1><div class=\"bde-text-510-189 bde-text\">\nDon\u2019t wait, call now!<br>\n<\/div>\n<\/div><div class=\"bde-div-510-190 bde-div\">\n  \n  \n\t\n\n\n\n<div class=\"bde-div-510-191 bde-div\">\n  \n  \n\t\n\n\n\n<div class=\"bde-text-510-192 bde-text\">\nPhone:\n<\/div><div class=\"bde-text-510-193 bde-text\">\n+420 603 846 904<br>\n<\/div><div class=\"bde-text-510-194 bde-text\">\nEmail:\n<\/div><a class=\"bde-text-link-510-195 bde-text-link breakdance-link\" href=\"mailto:interim@martinliebl.cz\" target=\"_self\" data-type=\"url\">\n  interim@martinliebl.cz\n\n<\/a><div class=\"bde-text-510-196 bde-text\">\nAddress:\n<\/div><div class=\"bde-text-510-197 bde-text\">\nD\u016fln\u00ed 2453, 407 47 Varnsdorf - CZ<br>\n<\/div>\n<\/div><div class=\"bde-div-510-198 bde-div\">\n  \n  \n\t\n\n\n\n<div class=\"bde-text-510-199 bde-text\">\nBilling details:<br>\n<\/div><div class=\"bde-text-510-200 bde-text\">\nIng. Martin Liebl, MBA, LL.M., DBA\n<\/div><div class=\"bde-text-510-201 bde-text\">\nRegistered office: D\u016fln\u00ed 2453, 407 47 Varnsdorf\n<\/div><div class=\"bde-text-510-202 bde-text\">\nCompany ID: 64000702\n<\/div><div class=\"bde-text-510-203 bde-text\">\nVAT ID: CZ6408062386<br>\n<\/div>\n<\/div>\n<\/div>\n<\/div><\/div>\n<\/section>","protected":false},"excerpt":{"rendered":"<p>Jsem interim mana\u017eer s dlouholetou zku\u0161enost\u00ed ve veden\u00ed v\u00fdrobn\u00edch firem. P\u016fsobil jsem jako Plant Manager, CEO, krizov\u00fd i zm\u011bnov\u00fd mana\u017eer. V pr\u00e1ci praktikuji systematick\u00fd a pragmatick\u00fd p\u0159\u00edstup, respekt k lidem a d\u016fraz na dosa\u017een\u00ed v\u00fdsledk\u016f.Vzd\u011bl\u00e1n\u00ed m\u00e1m v oborech Ing. (TU), MBA, LL.M. a DBA. P\u0159esto pova\u017euji za nejd\u016fle\u017eit\u011bj\u0161\u00ed selsk\u00fd rozum a schopnost efektivn\u00edho rozhodov\u00e1n\u00ed. Jsem [&hellip;]<\/p>\n","protected":false},"author":1,"featured_media":0,"parent":0,"menu_order":0,"comment_status":"closed","ping_status":"closed","template":"","meta":{"inline_featured_image":false,"_breakdance_hide_in_design_set":false,"_breakdance_tags":"","footnotes":""},"class_list":["post-510","page","type-page","status-publish","hentry"],"_links":{"self":[{"href":"https:\/\/www.martinliebl.cz\/en\/wp-json\/wp\/v2\/pages\/510","targetHints":{"allow":["GET"]}}],"collection":[{"href":"https:\/\/www.martinliebl.cz\/en\/wp-json\/wp\/v2\/pages"}],"about":[{"href":"https:\/\/www.martinliebl.cz\/en\/wp-json\/wp\/v2\/types\/page"}],"author":[{"embeddable":true,"href":"https:\/\/www.martinliebl.cz\/en\/wp-json\/wp\/v2\/users\/1"}],"replies":[{"embeddable":true,"href":"https:\/\/www.martinliebl.cz\/en\/wp-json\/wp\/v2\/comments?post=510"}],"version-history":[{"count":3,"href":"https:\/\/www.martinliebl.cz\/en\/wp-json\/wp\/v2\/pages\/510\/revisions"}],"predecessor-version":[{"id":655,"href":"https:\/\/www.martinliebl.cz\/en\/wp-json\/wp\/v2\/pages\/510\/revisions\/655"}],"wp:attachment":[{"href":"https:\/\/www.martinliebl.cz\/en\/wp-json\/wp\/v2\/media?parent=510"}],"curies":[{"name":"wp","href":"https:\/\/api.w.org\/{rel}","templated":true}]}}