{"id":344,"date":"2026-04-10T11:00:02","date_gmt":"2026-04-10T11:00:02","guid":{"rendered":"https:\/\/elev8it.net\/?page_id=344"},"modified":"2026-04-11T01:25:06","modified_gmt":"2026-04-11T01:25:06","slug":"services","status":"publish","type":"page","link":"https:\/\/www.martinliebl.cz\/en\/services\/","title":{"rendered":"Services"},"content":{"rendered":"<section class=\"bde-section-344-100 bde-section\">\n  \n  \n\t\n\n\n\n<div class=\"section-container\"><h1 class=\"bde-heading-344-101 bde-heading\">\nM\u00e1m <span style=\"color:#2350BF;\">effective solutions<\/span> pro v\u00e1\u0161 \u00fasp\u011bch \n<\/h1><div class=\"bde-columns-344-102 bde-columns\"><div class=\"bde-column-344-103 bde-column\">\n  \n  \n\t\n\n\n\n<div class=\"bde-image-box-344-104 bde-image-box\">\n<div class=\"ee-imagebox-image\">\n  <img loading=\"lazy\" decoding=\"async\" class=\"breakdance-image-object\" src=\"https:\/\/www.martinliebl.cz\/wp-content\/uploads\/2026\/03\/1.png\" width=\"500\" height=\"500\" srcset=\"https:\/\/www.martinliebl.cz\/wp-content\/uploads\/2026\/03\/1.png 500w, https:\/\/www.martinliebl.cz\/wp-content\/uploads\/2026\/03\/1-300x300.png 300w, https:\/\/www.martinliebl.cz\/wp-content\/uploads\/2026\/03\/1-150x150.png 150w\" sizes=\"auto, (max-width: 500px) 100vw, 500px\">\n<\/div>\n<div class=\"ee-imagebox-content\">\n      <h4 class=\"ee-imagebox-title bde-h3\" >Stabilizace a <br>optimalizace v\u00fdroby<\/h4>\n    \n      <div class=\"ee-imagebox-text\" >Identifikace a odstran\u011bn\u00ed neefektivn\u00edch proces\u016f, sni\u017eov\u00e1n\u00ed v\u00fdrobn\u00edch n\u00e1klad\u016f a zvy\u0161ov\u00e1n\u00ed produktivity, zaveden\u00ed procesn\u00edho \u0159\u00edzen\u00ed.<\/div>\n    \n  <\/div>\n\n<\/div>\n<\/div><div class=\"bde-column-344-105 bde-column\">\n  \n  \n\t\n\n\n\n<div class=\"bde-image-box-344-106 bde-image-box\">\n<div class=\"ee-imagebox-image\">\n  <img loading=\"lazy\" decoding=\"async\" class=\"breakdance-image-object\" src=\"https:\/\/www.martinliebl.cz\/wp-content\/uploads\/2026\/03\/3.png\" width=\"500\" height=\"500\" srcset=\"https:\/\/www.martinliebl.cz\/wp-content\/uploads\/2026\/03\/3.png 500w, https:\/\/www.martinliebl.cz\/wp-content\/uploads\/2026\/03\/3-300x300.png 300w, https:\/\/www.martinliebl.cz\/wp-content\/uploads\/2026\/03\/3-150x150.png 150w\" sizes=\"auto, (max-width: 500px) 100vw, 500px\">\n<\/div>\n<div class=\"ee-imagebox-content\">\n      <h4 class=\"ee-imagebox-title bde-h3\" >Relokace v\u00fdrobn\u00edch <br>z\u00e1vod\u016f<\/h4>\n    \n      <div class=\"ee-imagebox-text\" >Komplexn\u00ed \u0159\u00edzen\u00ed p\u0159esunu v\u00fdroby ze zahrani\u010d\u00ed do \u010cesk\u00e9 republiky, minimalizace rizik a zaji\u0161t\u011bn\u00ed kontinuity provozu.<\/div>\n    \n  <\/div>\n\n<\/div>\n<\/div><div class=\"bde-column-344-107 bde-column\">\n  \n  \n\t\n\n\n\n<div class=\"bde-image-box-344-108 bde-image-box\">\n<div class=\"ee-imagebox-image\">\n  <img loading=\"lazy\" decoding=\"async\" class=\"breakdance-image-object\" src=\"https:\/\/www.martinliebl.cz\/wp-content\/uploads\/2026\/03\/2.png\" width=\"500\" height=\"500\" srcset=\"https:\/\/www.martinliebl.cz\/wp-content\/uploads\/2026\/03\/2.png 500w, https:\/\/www.martinliebl.cz\/wp-content\/uploads\/2026\/03\/2-300x300.png 300w, https:\/\/www.martinliebl.cz\/wp-content\/uploads\/2026\/03\/2-150x150.png 150w\" sizes=\"auto, (max-width: 500px) 100vw, 500px\">\n<\/div>\n<div class=\"ee-imagebox-content\">\n      <h4 class=\"ee-imagebox-title bde-h3\" >Expanze na <br>nov\u00e9 trhy<\/h4>\n    \n      <div class=\"ee-imagebox-text\" >Strategick\u00e9 pl\u00e1nov\u00e1n\u00ed a realizace obchodn\u00ed expanze, hled\u00e1n\u00ed nov\u00fdch tr\u017en\u00edch p\u0159\u00edle\u017eitost\u00ed a posilov\u00e1n\u00ed konkuren\u010dn\u00ed pozice.<\/div>\n    \n  <\/div>\n\n<\/div>\n<\/div><div class=\"bde-column-344-109 bde-column\">\n  \n  \n\t\n\n\n\n<div class=\"bde-image-box-344-110 bde-image-box\">\n<div class=\"ee-imagebox-image\">\n  <img loading=\"lazy\" decoding=\"async\" class=\"breakdance-image-object\" src=\"https:\/\/elev8it.net\/wp-content\/uploads\/2026\/03\/4.png\" width=\"500\" height=\"500\" srcset=\"https:\/\/elev8it.net\/wp-content\/uploads\/2026\/03\/4.png 500w, https:\/\/elev8it.net\/wp-content\/uploads\/2026\/03\/4-300x300.png 300w, https:\/\/elev8it.net\/wp-content\/uploads\/2026\/03\/4-150x150.png 150w\" sizes=\"auto, (max-width: 500px) 100vw, 500px\">\n<\/div>\n<div class=\"ee-imagebox-content\">\n      <h4 class=\"ee-imagebox-title bde-h3\" >Krizov\u00e9 <br>\u0159\u00edzen\u00ed<\/h4>\n    \n      <div class=\"ee-imagebox-text\" >Rychl\u00e9 zaji\u0161t\u011bn\u00ed cash flow, implementace kr\u00e1tkodob\u00fdch a st\u0159edn\u011bdob\u00fdch strategi\u00ed pro p\u0159e\u017eit\u00ed a stabilizaci spole\u010dnosti.<\/div>\n    \n  <\/div>\n\n<\/div>\n<\/div><\/div><div class=\"bde-columns-344-111 bde-columns\"><div class=\"bde-column-344-112 bde-column\">\n  \n  \n\t\n\n\n\n<h1 class=\"bde-heading-344-113 bde-heading\">\nJak pracuji\n<\/h1>\n<\/div><\/div><div class=\"bde-columns-344-114 bde-columns\"><div class=\"bde-column-344-115 bde-column\">\n  \n  \n\t\n\n\n\n<div class=\"bde-div-344-116 bde-div\">\n  \n  \n\t\n\n\n\n<div class=\"bde-icon-344-117 bde-icon\">\n\n    \n            <div class=\"bde-icon-icon breakdance-icon-atom\" >\n    \n                    <svg xmlns=\"http:\/\/www.w3.org\/2000\/svg\" viewbox=\"0 0 640 512\"><!--! Font Awesome Free 6.5.1 by @fontawesome - https:\/\/fontawesome.com License - https:\/\/fontawesome.com\/license\/free (Icons: CC BY 4.0, Fonts: SIL OFL 1.1, Code: MIT License) Copyright 2023 Fonticons, Inc. --><path d=\"M64 64a64 64 0 1 1 128 0A64 64 0 1 1 64 64zM25.9 233.4C29.3 191.9 64 160 105.6 160h44.8c27 0 51 13.4 65.5 34.1c-2.7 1.9-5.2 4-7.5 6.3l-64 64c-21.9 21.9-21.9 57.3 0 79.2L192 391.2V464c0 26.5-21.5 48-48 48H112c-26.5 0-48-21.5-48-48V348.3c-26.5-9.5-44.7-35.8-42.2-65.6l4.1-49.3zM448 64a64 64 0 1 1 128 0A64 64 0 1 1 448 64zM431.6 200.4c-2.3-2.3-4.9-4.4-7.5-6.3c14.5-20.7 38.6-34.1 65.5-34.1h44.8c41.6 0 76.3 31.9 79.7 73.4l4.1 49.3c2.5 29.8-15.7 56.1-42.2 65.6V464c0 26.5-21.5 48-48 48H496c-26.5 0-48-21.5-48-48V391.2l47.6-47.6c21.9-21.9 21.9-57.3 0-79.2l-64-64zM272 240v32h96V240c0-9.7 5.8-18.5 14.8-22.2s19.3-1.7 26.2 5.2l64 64c9.4 9.4 9.4 24.6 0 33.9l-64 64c-6.9 6.9-17.2 8.9-26.2 5.2s-14.8-12.5-14.8-22.2V336H272v32c0 9.7-5.8 18.5-14.8 22.2s-19.3 1.7-26.2-5.2l-64-64c-9.4-9.4-9.4-24.6 0-33.9l64-64c6.9-6.9 17.2-8.9 26.2-5.2s14.8 12.5 14.8 22.2z\"\/><\/svg>\n        \n        \n        \n            <\/div>\n    \n\n\n<\/div><h1 class=\"bde-heading-344-118 bde-heading\">\n1. Osloven\u00ed interim mana\u017eera\n<\/h1>\n<\/div><ul class=\"bde-basic-list-344-119 bde-basic-list\">\n  <li  >    \n          Klient identifikuje probl\u00e9m nebo pot\u0159ebu zm\u011bny\n      <\/li>\n  <li  >    \n          Prvn\u00ed kontakt \u2013 definice c\u00edle, po\u017eadavk\u016f, \u010dasov\u00e9ho r\u00e1mce a rozpo\u010dtu.\n      <\/li>\n<\/ul>\n<\/div><div class=\"bde-column-344-120 bde-column\">\n  \n  \n\t\n\n\n\n<img decoding=\"async\" class=\"bde-image2-344-121 bde-image2\" src=\"https:\/\/elev8it.net\/wp-content\/uploads\/2026\/03\/arrowr-285x300-1.png\" loading=\"lazy\" sizes=\"(max-width: 285px) 100vw, 285px\" data-entrance=\"flipDown\">\n<\/div><\/div><div class=\"bde-columns-344-122 bde-columns\"><div class=\"bde-column-344-123 bde-column\">\n  \n  \n\t\n\n\n\n<img decoding=\"async\" class=\"bde-image2-344-124 bde-image2\" src=\"https:\/\/elev8it.net\/wp-content\/uploads\/2026\/03\/arrowl-285x300-1.png\" loading=\"lazy\" sizes=\"(max-width: 285px) 100vw, 285px\" data-entrance=\"flipDown\">\n<\/div><div class=\"bde-column-344-125 bde-column\">\n  \n  \n\t\n\n\n\n<div class=\"bde-div-344-126 bde-div\">\n  \n  \n\t\n\n\n\n<div class=\"bde-icon-344-127 bde-icon\">\n\n    \n            <div class=\"bde-icon-icon breakdance-icon-atom\" >\n    \n                    <svg xmlns=\"http:\/\/www.w3.org\/2000\/svg\" viewbox=\"0 0 512 512\"><!--! Font Awesome Free 6.5.1 by @fontawesome - https:\/\/fontawesome.com License - https:\/\/fontawesome.com\/license\/free (Icons: CC BY 4.0, Fonts: SIL OFL 1.1, Code: MIT License) Copyright 2023 Fonticons, Inc. --><path d=\"M256 512A256 256 0 1 0 256 0a256 256 0 1 0 0 512zM369 209L241 337c-9.4 9.4-24.6 9.4-33.9 0l-64-64c-9.4-9.4-9.4-24.6 0-33.9s24.6-9.4 33.9 0l47 47L335 175c9.4-9.4 24.6-9.4 33.9 0s9.4 24.6 0 33.9z\"\/><\/svg>\n        \n        \n        \n            <\/div>\n    \n\n\n<\/div><h1 class=\"bde-heading-344-128 bde-heading\">\n2. Specifikace a anal\u00fdza\n<\/h1>\n<\/div><ul class=\"bde-basic-list-344-129 bde-basic-list\">\n  <li  >    \n          Detailn\u00ed anal\u00fdza sou\u010dasn\u00e9ho stavu \u2013 procesy, ekonomick\u00e9 ukazatele, rozhovory.\n      <\/li>\n  <li  >    \n          SWOT anal\u00fdza a identifikace kl\u00ed\u010dov\u00fdch probl\u00e9m\u016f.\n      <\/li>\n<\/ul>\n<\/div><\/div><div class=\"bde-columns-344-130 bde-columns\"><div class=\"bde-column-344-131 bde-column\">\n  \n  \n\t\n\n\n\n<div class=\"bde-div-344-132 bde-div\">\n  \n  \n\t\n\n\n\n<div class=\"bde-icon-344-133 bde-icon\">\n\n    \n            <div class=\"bde-icon-icon breakdance-icon-atom\" >\n    \n                    <svg xmlns=\"http:\/\/www.w3.org\/2000\/svg\" viewbox=\"0 0 576 512\"><!--! Font Awesome Free 6.5.1 by @fontawesome - https:\/\/fontawesome.com License - https:\/\/fontawesome.com\/license\/free (Icons: CC BY 4.0, Fonts: SIL OFL 1.1, Code: MIT License) Copyright 2023 Fonticons, Inc. --><path d=\"M64 0C28.7 0 0 28.7 0 64V352c0 35.3 28.7 64 64 64H240l-10.7 32H160c-17.7 0-32 14.3-32 32s14.3 32 32 32H416c17.7 0 32-14.3 32-32s-14.3-32-32-32H346.7L336 416H512c35.3 0 64-28.7 64-64V64c0-35.3-28.7-64-64-64H64zM512 64V352H64V64H512z\"\/><\/svg>\n        \n        \n        \n            <\/div>\n    \n\n\n<\/div><h1 class=\"bde-heading-344-134 bde-heading\">\n3. Prezentace klientovi<br>\n<\/h1>\n<\/div><ul class=\"bde-basic-list-344-135 bde-basic-list\">\n  <li  >    \n          Prezentace a schv\u00e1len\u00ed ak\u010dn\u00edho pl\u00e1nu v\u010detn\u011b uzav\u0159en\u00ed dohody a p\u0159evzet\u00ed zodpov\u011bdnosti.\n      <\/li>\n<\/ul>\n<\/div><div class=\"bde-column-344-136 bde-column\">\n  \n  \n\t\n\n\n\n<img decoding=\"async\" class=\"bde-image2-344-137 bde-image2\" src=\"https:\/\/elev8it.net\/wp-content\/uploads\/2026\/03\/arrowr-285x300-1.png\" loading=\"lazy\" sizes=\"(max-width: 285px) 100vw, 285px\" data-entrance=\"flipDown\">\n<\/div><\/div><div class=\"bde-columns-344-138 bde-columns\"><div class=\"bde-column-344-139 bde-column\">\n  \n  \n\t\n\n\n\n<img decoding=\"async\" class=\"bde-image2-344-140 bde-image2\" src=\"https:\/\/elev8it.net\/wp-content\/uploads\/2026\/03\/arrowl-285x300-1.png\" loading=\"lazy\" sizes=\"(max-width: 285px) 100vw, 285px\" data-entrance=\"flipDown\">\n<\/div><div class=\"bde-column-344-141 bde-column\">\n  \n  \n\t\n\n\n\n<div class=\"bde-div-344-142 bde-div\">\n  \n  \n\t\n\n\n\n<div class=\"bde-icon-344-143 bde-icon\">\n\n    \n            <div class=\"bde-icon-icon breakdance-icon-atom\" >\n    \n                    <svg xmlns=\"http:\/\/www.w3.org\/2000\/svg\" viewbox=\"0 0 576 512\"><!--! Font Awesome Free 6.5.1 by @fontawesome - https:\/\/fontawesome.com License - https:\/\/fontawesome.com\/license\/free (Icons: CC BY 4.0, Fonts: SIL OFL 1.1, Code: MIT License) Copyright 2023 Fonticons, Inc. --><path d=\"M0 96C0 60.7 28.7 32 64 32H512c35.3 0 64 28.7 64 64V416c0 35.3-28.7 64-64 64H64c-35.3 0-64-28.7-64-64V96zM128 288a32 32 0 1 0 0-64 32 32 0 1 0 0 64zm32-128a32 32 0 1 0 -64 0 32 32 0 1 0 64 0zM128 384a32 32 0 1 0 0-64 32 32 0 1 0 0 64zm96-248c-13.3 0-24 10.7-24 24s10.7 24 24 24H448c13.3 0 24-10.7 24-24s-10.7-24-24-24H224zm0 96c-13.3 0-24 10.7-24 24s10.7 24 24 24H448c13.3 0 24-10.7 24-24s-10.7-24-24-24H224zm0 96c-13.3 0-24 10.7-24 24s10.7 24 24 24H448c13.3 0 24-10.7 24-24s-10.7-24-24-24H224z\"\/><\/svg>\n        \n        \n        \n            <\/div>\n    \n\n\n<\/div><h1 class=\"bde-heading-344-144 bde-heading\">\n4. Ak\u010dn\u00ed pl\u00e1n a miln\u00edky\n<\/h1>\n<\/div><ul class=\"bde-basic-list-344-145 bde-basic-list\">\n  <li  >    \n          Stanoven\u00ed priorit\n      <\/li>\n  <li  >    \n          F\u00e1ze 1 \u2013 stabilizace\n      <\/li>\n  <li  >    \n          F\u00e1ze 2 \u2013 implementace zm\u011bn\n      <\/li>\n  <li  >    \n          F\u00e1ze 3 \u2013 p\u0159ed\u00e1n\u00ed a udr\u017eitelnost\n      <\/li>\n  <li  >    \n          Definov\u00e1n\u00ed m\u011b\u0159iteln\u00fdch c\u00edl\u016f a KPI\n      <\/li>\n<\/ul>\n<\/div><\/div><div class=\"bde-columns-344-146 bde-columns\"><div class=\"bde-column-344-147 bde-column\">\n  \n  \n\t\n\n\n\n<div class=\"bde-div-344-148 bde-div\">\n  \n  \n\t\n\n\n\n<div class=\"bde-icon-344-149 bde-icon\">\n\n    \n            <div class=\"bde-icon-icon breakdance-icon-atom\" >\n    \n                    <svg xmlns=\"http:\/\/www.w3.org\/2000\/svg\" viewbox=\"0 0 512 512\"><!--! Font Awesome Free 6.5.1 by @fontawesome - https:\/\/fontawesome.com License - https:\/\/fontawesome.com\/license\/free (Icons: CC BY 4.0, Fonts: SIL OFL 1.1, Code: MIT License) Copyright 2023 Fonticons, Inc. --><path d=\"M470.6 278.6c12.5-12.5 12.5-32.8 0-45.3l-160-160c-12.5-12.5-32.8-12.5-45.3 0s-12.5 32.8 0 45.3L402.7 256 265.4 393.4c-12.5 12.5-12.5 32.8 0 45.3s32.8 12.5 45.3 0l160-160zm-352 160l160-160c12.5-12.5 12.5-32.8 0-45.3l-160-160c-12.5-12.5-32.8-12.5-45.3 0s-12.5 32.8 0 45.3L210.7 256 73.4 393.4c-12.5 12.5-12.5 32.8 0 45.3s32.8 12.5 45.3 0z\"\/><\/svg>\n        \n        \n        \n            <\/div>\n    \n\n\n<\/div><h1 class=\"bde-heading-344-150 bde-heading\">\n5. Realizace zm\u011bn\n<\/h1>\n<\/div><ul class=\"bde-basic-list-344-151 bde-basic-list\">\n  <li  >    \n          Pravideln\u00e1 komunikace s veden\u00edm (milestony)\n      <\/li>\n  <li  >    \n          \u0158\u00edzen\u00ed zm\u011bny v t\u00fdmu a zapojen\u00ed kl\u00ed\u010dov\u00fdch lid\u00ed\n      <\/li>\n  <li  >    \n          Pr\u016fb\u011b\u017en\u00e9 m\u011b\u0159en\u00ed v\u00fdsledk\u016f a flexibiln\u00ed \u00fapravy pl\u00e1nu\n      <\/li>\n  <li  >    \n          Mo\u017enost dal\u0161\u00edho mentoringu nebo podpory\n      <\/li>\n<\/ul>\n<\/div><div class=\"bde-column-344-152 bde-column\">\n  \n  \n\t\n\n\n\n<img decoding=\"async\" class=\"bde-image2-344-153 bde-image2\" src=\"https:\/\/elev8it.net\/wp-content\/uploads\/2026\/03\/arrowr-285x300-1.png\" loading=\"lazy\" sizes=\"(max-width: 285px) 100vw, 285px\" data-entrance=\"flipDown\">\n<\/div><\/div><div class=\"bde-columns-344-154 bde-columns\"><div class=\"bde-column-344-155 bde-column\">\n  \n  \n\t\n\n\n\n\n<\/div><div class=\"bde-column-344-156 bde-column\">\n  \n  \n\t\n\n\n\n<div class=\"bde-div-344-157 bde-div\">\n  \n  \n\t\n\n\n\n<div class=\"bde-icon-344-158 bde-icon\">\n\n    \n            <div class=\"bde-icon-icon breakdance-icon-atom\" >\n    \n                    <svg xmlns=\"http:\/\/www.w3.org\/2000\/svg\" id=\"icon-target\" viewbox=\"0 0 32 32\">\n<path d=\"M32 14h-3.154c-0.864-5.57-5.276-9.982-10.846-10.846v-3.154h-4v3.154c-5.57 0.864-9.982 5.276-10.846 10.846h-3.154v4h3.154c0.864 5.57 5.276 9.982 10.846 10.846v3.154h4v-3.154c5.57-0.864 9.982-5.276 10.846-10.846h3.154v-4zM24.776 14h-3.118c-0.603-1.705-1.953-3.056-3.658-3.658v-3.118c3.36 0.765 6.010 3.416 6.776 6.776zM16 18c-1.105 0-2-0.895-2-2s0.895-2 2-2c1.105 0 2 0.895 2 2s-0.895 2-2 2zM14 7.224v3.118c-1.705 0.603-3.056 1.953-3.658 3.658h-3.118c0.765-3.36 3.416-6.010 6.776-6.776zM7.224 18h3.118c0.603 1.705 1.953 3.056 3.658 3.658v3.118c-3.36-0.765-6.010-3.416-6.776-6.776zM18 24.776v-3.118c1.705-0.603 3.056-1.953 3.658-3.658h3.118c-0.765 3.36-3.416 6.010-6.776 6.776z\"\/>\n<\/svg>\n        \n        \n        \n            <\/div>\n    \n\n\n<\/div><h1 class=\"bde-heading-344-159 bde-heading\">\n6. Ukon\u010den\u00ed projektu a p\u0159ed\u00e1n\u00ed<br>\n<\/h1>\n<\/div><ul class=\"bde-basic-list-344-160 bde-basic-list\">\n  <li  >    \n          Z\u00e1v\u011bre\u010dn\u00e9 vyhodnocen\u00ed a prezentace v\u00fdsledk\u016f\n      <\/li>\n  <li  >    \n          P\u0159ed\u00e1n\u00ed odpov\u011bdnosti intern\u00edm pracovn\u00edk\u016fm\n      <\/li>\n  <li  >    \n          Doporu\u010den\u00ed pro udr\u017eitelnost zm\u011bn\n      <\/li>\n  <li  >    \n          Mo\u017enost dal\u0161\u00edho mentoringu nebo podpory\n      <\/li>\n<\/ul>\n<\/div><\/div><div class=\"bde-button-344-181 bde-button\">\n    \n                                    \n    \n    \n    \n    \n            \n                    \n            \n            \n\n    \n    \n    \n    \n    \n    <a class=\"breakdance-link button-atom button-atom--primary bde-button__button\" href=\"#Contact\" target=\"_self\" data-type=\"url\"  >\n\n    \n        <span class=\"button-atom__text\">Schedule a meeting<\/span>\n\n        \n        \n                <\/a>\n\n    \n\n\n<\/div><\/div>\n<\/section><section id=\"Contact\" class=\"bde-section-344-202 bde-section\">\n              \n  \n  \n\t\n\n\n\n<div class=\"section-container\"><div class=\"bde-div-344-203 bde-div\">\n  \n  \n\t\n\n\n\n<div class=\"bde-div-344-204 bde-div\">\n  \n  \n\t\n\n\n\n<h1 class=\"bde-heading-344-205 bde-heading\">\nRight now<br>\n<\/h1><h1 class=\"bde-heading-344-206 bde-heading\">\nNow is the right time for change.\n<\/h1><div class=\"bde-text-344-207 bde-text\">\nDon\u2019t wait, call now!<br>\n<\/div>\n<\/div><div class=\"bde-div-344-208 bde-div\">\n  \n  \n\t\n\n\n\n<div class=\"bde-div-344-209 bde-div\">\n  \n  \n\t\n\n\n\n<div class=\"bde-text-344-210 bde-text\">\nPhone:\n<\/div><div class=\"bde-text-344-211 bde-text\">\n+420 603 846 904<br>\n<\/div><div class=\"bde-text-344-212 bde-text\">\nEmail:\n<\/div><a class=\"bde-text-link-344-213 bde-text-link breakdance-link\" href=\"mailto:interim@martinliebl.cz\" target=\"_self\" data-type=\"url\">\n  interim@martinliebl.cz\n\n<\/a><div class=\"bde-text-344-214 bde-text\">\nAddress:\n<\/div><div class=\"bde-text-344-215 bde-text\">\nD\u016fln\u00ed 2453, 407 47 Varnsdorf - CZ<br>\n<\/div>\n<\/div><div class=\"bde-div-344-216 bde-div\">\n  \n  \n\t\n\n\n\n<div class=\"bde-text-344-217 bde-text\">\nBilling details:<br>\n<\/div><div class=\"bde-text-344-218 bde-text\">\nIng. Martin Liebl, MBA, LL.M., DBA\n<\/div><div class=\"bde-text-344-219 bde-text\">\nRegistered office: D\u016fln\u00ed 2453, 407 47 Varnsdorf\n<\/div><div class=\"bde-text-344-220 bde-text\">\nCompany ID: 64000702\n<\/div><div class=\"bde-text-344-221 bde-text\">\nVAT ID: CZ6408062386<br>\n<\/div>\n<\/div>\n<\/div>\n<\/div><\/div>\n<\/section>","protected":false},"excerpt":{"rendered":"<p>M\u00e1m efektivn\u00ed \u0159e\u0161en\u00ed pro v\u00e1\u0161 \u00fasp\u011bch Stabilizace a optimalizace v\u00fdroby Identifikace a odstran\u011bn\u00ed neefektivn\u00edch proces\u016f, sni\u017eov\u00e1n\u00ed v\u00fdrobn\u00edch n\u00e1klad\u016f a zvy\u0161ov\u00e1n\u00ed produktivity, zaveden\u00ed procesn\u00edho \u0159\u00edzen\u00ed. Relokace v\u00fdrobn\u00edch z\u00e1vod\u016f Komplexn\u00ed \u0159\u00edzen\u00ed p\u0159esunu v\u00fdroby ze zahrani\u010d\u00ed do \u010cesk\u00e9 republiky, minimalizace rizik a zaji\u0161t\u011bn\u00ed kontinuity provozu. Expanze na nov\u00e9 trhy Strategick\u00e9 pl\u00e1nov\u00e1n\u00ed a realizace obchodn\u00ed expanze, hled\u00e1n\u00ed nov\u00fdch tr\u017en\u00edch [&hellip;]<\/p>\n","protected":false},"author":1,"featured_media":0,"parent":0,"menu_order":0,"comment_status":"closed","ping_status":"closed","template":"","meta":{"inline_featured_image":false,"_breakdance_hide_in_design_set":false,"_breakdance_tags":"","footnotes":""},"class_list":["post-344","page","type-page","status-publish","hentry"],"_links":{"self":[{"href":"https:\/\/www.martinliebl.cz\/en\/wp-json\/wp\/v2\/pages\/344","targetHints":{"allow":["GET"]}}],"collection":[{"href":"https:\/\/www.martinliebl.cz\/en\/wp-json\/wp\/v2\/pages"}],"about":[{"href":"https:\/\/www.martinliebl.cz\/en\/wp-json\/wp\/v2\/types\/page"}],"author":[{"embeddable":true,"href":"https:\/\/www.martinliebl.cz\/en\/wp-json\/wp\/v2\/users\/1"}],"replies":[{"embeddable":true,"href":"https:\/\/www.martinliebl.cz\/en\/wp-json\/wp\/v2\/comments?post=344"}],"version-history":[{"count":3,"href":"https:\/\/www.martinliebl.cz\/en\/wp-json\/wp\/v2\/pages\/344\/revisions"}],"predecessor-version":[{"id":647,"href":"https:\/\/www.martinliebl.cz\/en\/wp-json\/wp\/v2\/pages\/344\/revisions\/647"}],"wp:attachment":[{"href":"https:\/\/www.martinliebl.cz\/en\/wp-json\/wp\/v2\/media?parent=344"}],"curies":[{"name":"wp","href":"https:\/\/api.w.org\/{rel}","templated":true}]}}